{"id":933,"date":"2021-08-13T08:31:48","date_gmt":"2021-08-13T13:31:48","guid":{"rendered":"https:\/\/paroissesainte-famille.org\/?page_id=933"},"modified":"2024-04-19T13:18:13","modified_gmt":"2024-04-19T18:18:13","slug":"catechese","status":"publish","type":"page","link":"https:\/\/paroissesainte-famille.org\/bienvenue\/familles\/catechese\/","title":{"rendered":"Cat\u00e9ch\u00e8se"},"content":{"rendered":"\n<h2 class=\"wp-block-heading\">3 septembre 2023 &#8211; C\u2019est le temps des inscriptions<\/h2>\n\n\n\n<p style=\"font-size:18px\">Bonjour !<\/p>\n\n\n\n<p style=\"font-size:18px\">Votre enfant est baptis\u00e9 et vous souhaitez qu\u2019il re\u00e7oive les autres sacrements de l\u2019Initiation Chr\u00e9tienne&nbsp;: Pardon-Eucharistie et Confirmation.<br>C\u2019est le temps de s\u2019inscrire pour les diff\u00e9rents parcours de cat\u00e9ch\u00e8se:  <br>Pardon-Eucharistie&nbsp;: \u00e0 partir de 8 ans ++ (ou niveau 3<sup>\u00e8me<\/sup> ann\u00e9e ++)<br>Confirmation&nbsp;: \u00e0 partir de 11 ans ++ (ou niveau 6<sup>\u00e8me<\/sup> ann\u00e9e ++)<\/p>\n\n\n\n<p style=\"font-size:18px\">Nous vous offrons une session Hiver-Printemps 2024.<br>Pour de plus amples informations, laissez-nous un message <br>au (450)759-5295 ou par courriel \u00e0&nbsp;: <em>manonchevrette@yahoo.ca<\/em><br>en nous donnant vos coordonn\u00e9es et la raison de votre demande et nous communiquerons avec vous dans les plus brefs d\u00e9lais.<\/p>\n\n\n\n<p style=\"font-size:18px\">Au plaisir<br>Manon Chevrette et Richard Vaillancourt<\/p>\n\n\n\n<div style=\"height:46px\" aria-hidden=\"true\" class=\"wp-block-spacer\"><\/div>\n\n\n\n<hr class=\"wp-block-separator has-alpha-channel-opacity\"\/>\n\n\n\n<div class=\"wp-block-media-text alignwide is-stacked-on-mobile\" style=\"grid-template-columns:34% auto\"><figure class=\"wp-block-media-text__media\"><img loading=\"lazy\" decoding=\"async\" width=\"510\" height=\"340\" src=\"https:\/\/paroissesainte-famille.org\/wp-content\/uploads\/2020\/12\/catechese-accueil.jpg\" alt=\"\" class=\"wp-image-935 size-full\" srcset=\"https:\/\/paroissesainte-famille.org\/wp-content\/uploads\/2020\/12\/catechese-accueil.jpg 510w, https:\/\/paroissesainte-famille.org\/wp-content\/uploads\/2020\/12\/catechese-accueil-300x200.jpg 300w\" sizes=\"auto, (max-width: 510px) 100vw, 510px\" \/><\/figure><div class=\"wp-block-media-text__content\">\n<p style=\"font-size:17px\">Nos communaut\u00e9s chr\u00e9tiennes, soit Sacr\u00e9-Coeur de J\u00e9sus, Saint-Paul et Saint-Thomas, souhaitent accueillir de nouveaux baptis\u00e9s et chr\u00e9tiens et de les accompagner dans la croissance de leur foi. <\/p>\n\n\n\n<p style=\"font-size:12px\">Image : <a href=\"https:\/\/pixabay.com\/fr\/users\/geralt-9301\/\">geralt | Pixabay<\/a><\/p>\n<\/div><\/div>\n\n\n\n<p class=\"has-black-color has-text-color\">On appelle <em>cat\u00e9ch\u00e8se<\/em> un parcours de formation, d&rsquo;accompagnement ou de ressourcement avec des cat\u00e9ch\u00e8tes, sp\u00e9cialement form\u00e9s pour cette fonction; ces personnes  peuvent \u00eatre r\u00e9mun\u00e9r\u00e9es ou b\u00e9n\u00e9voles.<\/p>\n\n\n\n<p class=\"has-black-color has-text-color\">Le terme&nbsp;<em>cat\u00e9ch\u00e8te<\/em>&nbsp;d\u00e9signe toute personne qui intervient en diff\u00e9rentes situations de formation \u00e0 la vie chr\u00e9tienne aupr\u00e8s de personnes de divers \u00e2ges ou en groupes interg\u00e9n\u00e9rationnels. (Office de cat\u00e9ch\u00e8se du Qu\u00e9bec)<\/p>\n\n\n\n<p class=\"has-black-color has-text-color\">Voici la personne responsable \u00e0 contacter :<\/p>\n\n\n\n<p class=\"has-black-color has-text-color\">PARCOURS POUR LES ENFANTS : pardon, eucharistie et confirmation<br><strong>Information : <\/strong>Presbyt\u00e8re conjoint des paroisses Sainte-Famille et Saint-Charles-Borrom\u00e9e : 450-753-7373<\/p>\n\n\n\n<p class=\"has-black-color has-text-color\"><a href=\"https:\/\/paroissesainte-famille.org\/\" data-type=\"page\" data-id=\"694\">Retour \u00e0 la page d&rsquo;accueil<\/a><\/p>\n","protected":false},"excerpt":{"rendered":"<p>3 septembre 2023 &#8211; C\u2019est le temps des inscriptions Bonjour ! Votre enfant est baptis\u00e9 et vous souhaitez qu\u2019il re\u00e7oive les autres sacrements de l\u2019Initiation Chr\u00e9tienne&nbsp;: Pardon-Eucharistie et Confirmation.C\u2019est le temps de s\u2019inscrire pour les diff\u00e9rents parcours de cat\u00e9ch\u00e8se: Pardon-Eucharistie&nbsp;: &hellip; <a href=\"https:\/\/paroissesainte-famille.org\/bienvenue\/familles\/catechese\/\">Continuer la lecture <span class=\"meta-nav\">&rarr;<\/span><\/a><\/p>\n","protected":false},"author":3,"featured_media":0,"parent":4660,"menu_order":0,"comment_status":"closed","ping_status":"closed","template":"onecolumn-page.php","meta":{"footnotes":""},"class_list":["post-933","page","type-page","status-publish","hentry"],"_links":{"self":[{"href":"https:\/\/paroissesainte-famille.org\/bienvenue\/wp-json\/wp\/v2\/pages\/933","targetHints":{"allow":["GET"]}}],"collection":[{"href":"https:\/\/paroissesainte-famille.org\/bienvenue\/wp-json\/wp\/v2\/pages"}],"about":[{"href":"https:\/\/paroissesainte-famille.org\/bienvenue\/wp-json\/wp\/v2\/types\/page"}],"author":[{"embeddable":true,"href":"https:\/\/paroissesainte-famille.org\/bienvenue\/wp-json\/wp\/v2\/users\/3"}],"replies":[{"embeddable":true,"href":"https:\/\/paroissesainte-famille.org\/bienvenue\/wp-json\/wp\/v2\/comments?post=933"}],"version-history":[{"count":18,"href":"https:\/\/paroissesainte-famille.org\/bienvenue\/wp-json\/wp\/v2\/pages\/933\/revisions"}],"predecessor-version":[{"id":12735,"href":"https:\/\/paroissesainte-famille.org\/bienvenue\/wp-json\/wp\/v2\/pages\/933\/revisions\/12735"}],"up":[{"embeddable":true,"href":"https:\/\/paroissesainte-famille.org\/bienvenue\/wp-json\/wp\/v2\/pages\/4660"}],"wp:attachment":[{"href":"https:\/\/paroissesainte-famille.org\/bienvenue\/wp-json\/wp\/v2\/media?parent=933"}],"curies":[{"name":"wp","href":"https:\/\/api.w.org\/{rel}","templated":true}]}}