{"id":4660,"date":"2021-10-21T13:19:17","date_gmt":"2021-10-21T18:19:17","guid":{"rendered":"https:\/\/paroissesainte-famille.org\/?page_id=4660"},"modified":"2023-08-17T15:09:45","modified_gmt":"2023-08-17T20:09:45","slug":"familles","status":"publish","type":"page","link":"https:\/\/paroissesainte-famille.org\/bienvenue\/familles\/","title":{"rendered":"Familles"},"content":{"rendered":"\n<div class=\"wp-block-group\"><div class=\"wp-block-group__inner-container is-layout-flow wp-block-group-is-layout-flow\">\n<h2 class=\"has-text-align-left has-blue-color has-text-color wp-block-heading\">27 ao\u00fbt \u00e0 Saint-Paul &#8211; Pr\u00eatre, proph\u00e8te et roi par le bapt\u00eame<\/h2>\n\n\n\n<div class=\"wp-block-columns is-layout-flex wp-container-core-columns-is-layout-9d6595d7 wp-block-columns-is-layout-flex\">\n<div class=\"wp-block-column has-black-color has-text-color is-layout-flow wp-block-column-is-layout-flow\" style=\"flex-basis:33.33%\">\n<p class=\"has-text-align-right\">Liam Parent<br>Romy Parent<br>Alicia Filiatreault<br>Dylan Bannon<br>William Skladzien<br>Samie C\u00f4t\u00e9<br>Zoa Beaulieu<br>Agathe Chartier Dextras<\/p>\n<\/div>\n\n\n\n<div class=\"wp-block-column has-black-color has-text-color is-layout-flow wp-block-column-is-layout-flow\" style=\"flex-basis:66.66%\">\n<p>Jean-Philippe Parent \/ Martine Chayer<br>Jean-Philippe Parent \/ Martine Chayer<br> Jeffrey Filiatreault\/ Catherine Boisclair<br> Steve Bannon \/ Catherine Boisclair<br> Piotr Skladzien \/ Sarah Periz<br> Marc-Andr\u00e9 C\u00f4t\u00e9 \/ Julie Daoust<br> Samuel Beaulieu \/Janie Roberge<br> Am\u00e9lie Marcil-Dextras \/ Luc Dextras<\/p>\n<\/div>\n<\/div>\n\n\n\n<h2 class=\"has-text-align-left has-blue-color has-text-color wp-block-heading\">27 novembre 2022 &#8211; D\u00e9couvre qui est Matthieu, l&rsquo;\u00e9vang\u00e9liste.<\/h2>\n\n\n\n<div class=\"wp-block-media-text alignwide is-stacked-on-mobile\" style=\"grid-template-columns:43% auto\"><figure class=\"wp-block-media-text__media\"><img loading=\"lazy\" decoding=\"async\" width=\"400\" height=\"230\" src=\"https:\/\/paroissesainte-famille.org\/wp-content\/uploads\/2022\/11\/Matthieu.jpg\" alt=\"\" class=\"wp-image-8525 size-full\" srcset=\"https:\/\/paroissesainte-famille.org\/wp-content\/uploads\/2022\/11\/Matthieu.jpg 400w, https:\/\/paroissesainte-famille.org\/wp-content\/uploads\/2022\/11\/Matthieu-300x173.jpg 300w\" sizes=\"auto, (max-width: 400px) 100vw, 400px\" \/><\/figure><div class=\"wp-block-media-text__content\">\n<p style=\"font-size:18px\">Le personnage de Matthieu nous dit ce qui l\u2019a amen\u00e9 \u00e0 r\u00e9diger son \u00e9vangile. Qui est J\u00e9sus pour lui? Quelles sources a-t-il utilis\u00e9es? Quel est le lien entre son texte et l\u2019Ancien Testament ?<\/p>\n<\/div><\/div>\n\n\n\n<p class=\"has-black-color has-text-color\" style=\"font-size:18px\">Regarde cette video r\u00e9alis\u00e9e par S\u00e9bastien Doane, et produite par l&rsquo;Office de cat\u00e9ch\u00e8se du Qu\u00e9bec et la Soci\u00e9t\u00e9 catholique de la Bible.<br>Acteur: Claude Lemieux &#8211; Sc\u00e9nario: Francine Robert. <br>WOW !  <a rel=\"noreferrer noopener\" href=\"http:\/\/www.interbible.org\/video\/2015\/Matthieu.html\" target=\"_blank\">J&rsquo;<\/a><a rel=\"noreferrer noopener\" href=\"http:\/\/www.interbible.org\/video\/2015\/Matthieu.html\" target=\"_blank\">Y<\/a><a rel=\"noreferrer noopener\" href=\"http:\/\/www.interbible.org\/video\/2015\/Matthieu.html\" target=\"_blank\"> <\/a><a rel=\"noreferrer noopener\" href=\"http:\/\/www.interbible.org\/video\/2015\/Matthieu.html\" target=\"_blank\">V<\/a><a rel=\"noreferrer noopener\" href=\"http:\/\/www.interbible.org\/video\/2015\/Matthieu.html\" target=\"_blank\">A<\/a><a rel=\"noreferrer noopener\" href=\"http:\/\/www.interbible.org\/video\/2015\/Matthieu.html\" target=\"_blank\">I<\/a><a rel=\"noreferrer noopener\" href=\"http:\/\/www.interbible.org\/video\/2015\/Matthieu.html\" target=\"_blank\">S<\/a><a rel=\"noreferrer noopener\" href=\"http:\/\/www.interbible.org\/video\/2015\/Matthieu.html\" target=\"_blank\"> !<\/a><\/p>\n\n\n\n<h2 class=\"has-text-align-left has-blue-color has-text-color wp-block-heading\">20 octobre 2022 -La p&rsquo;tite Pasto<\/h2>\n\n\n\n<div class=\"wp-block-media-text alignwide has-media-on-the-right is-stacked-on-mobile\" style=\"grid-template-columns:auto 32%\"><figure class=\"wp-block-media-text__media\"><img loading=\"lazy\" decoding=\"async\" width=\"206\" height=\"206\" src=\"https:\/\/paroissesainte-famille.org\/wp-content\/uploads\/2022\/10\/La-ptite-Pasto.jpg\" alt=\"\" class=\"wp-image-8257 size-full\" srcset=\"https:\/\/paroissesainte-famille.org\/wp-content\/uploads\/2022\/10\/La-ptite-Pasto.jpg 206w, https:\/\/paroissesainte-famille.org\/wp-content\/uploads\/2022\/10\/La-ptite-Pasto-150x150.jpg 150w\" sizes=\"auto, (max-width: 206px) 100vw, 206px\" \/><\/figure><div class=\"wp-block-media-text__content\">\n<p class=\"has-black-color has-text-color has-medium-font-size\">Voici une belle activit\u00e9 Parents-enfants pour les 2 ans \u00bd \u00e0 6 ans qui a pour but de faire conna\u00eetre J\u00e9sus aux tout-petits. <\/p>\n<\/div><\/div>\n\n\n\n<p class=\"has-black-color has-text-color\">Au programme de ces rencontres : jeux, chants, bricolage avec un langage adapt\u00e9 pour les enfants. Il y aura une rencontre aux 15 jours et le tout d\u00e9bute ce samedi 24 septembre de 9h30 \u00e0 11h.00. Les rencontres se d\u00e9roulent au sous-sol de l\u2019\u00e9glise Sainte-Th\u00e9r\u00e8se, \u00e0 Joliette. Pour information et inscription : Nathalie Gagnon 450-759-8946 ou poirier1@bell.net<\/p>\n\n\n\n<p>Source : feuillet paroissial Sainte-Famille, octobre 2022<br>Illustration : <a href=\"https:\/\/www.facebook.com\/ptitepastograndjoliette\/photos\" target=\"_blank\" rel=\"noreferrer noopener\">Facebook &#8211; Petite Pasto Grand Joliette<\/a><\/p>\n\n\n<div class=\"wp-block-image\">\n<figure class=\"aligncenter size-full is-resized\"><img loading=\"lazy\" decoding=\"async\" src=\"https:\/\/paroissesainte-famille.org\/wp-content\/uploads\/2020\/12\/batir-la-paix.jpg\" alt=\"\" class=\"wp-image-893\" width=\"105\" height=\"148\" srcset=\"https:\/\/paroissesainte-famille.org\/wp-content\/uploads\/2020\/12\/batir-la-paix.jpg 238w, https:\/\/paroissesainte-famille.org\/wp-content\/uploads\/2020\/12\/batir-la-paix-213x300.jpg 213w\" sizes=\"auto, (max-width: 105px) 100vw, 105px\" \/><\/figure>\n<\/div>\n\n<div class=\"wp-block-image is-style-rounded\">\n<figure class=\"aligncenter size-full is-resized\"><img loading=\"lazy\" decoding=\"async\" src=\"https:\/\/paroissesainte-famille.org\/wp-content\/uploads\/2022\/10\/Enfants-priant.jpg\" alt=\"\" class=\"wp-image-8147\" width=\"255\" height=\"225\"\/><\/figure>\n<\/div>\n\n\n<p class=\"has-text-align-center has-medium-font-size\"><em>\u00ab&nbsp;Quand deux ou trois sont r\u00e9unis en mon nom, <\/em><br><em>je suis l\u00e0 au milieu d\u2019eux.&nbsp;\u00bb Mt 18,20<\/em><\/p>\n<\/div><\/div>\n\n\n\n<p><\/p>\n\n\n\n<h2 class=\"has-blue-color has-text-color wp-block-heading\">15 ao\u00fbt  2022<br>Pr\u00eatre, Proph\u00e8te et Roi par l\u2019onction du bapt\u00eame, 17 juillet<\/h2>\n\n\n\n<p class=\"has-black-color has-text-color\">Jake Brisebois, fils de Robert Brisebois Cossette et de Jade Harpin<br>Alice Ferland Rozon fille d\u2019Alexandre Roson et d\u2019Anne-Marie Ferland<br>\u00c9mile Asselin, fils de Jean-Fran\u00e7ois Asselin et de Cindy Lamarre-B\u00e9chard<br>Liam Fraser, fils de Luka Fraser et de Genevi\u00e8ve Grenier<br>Caleb Lambert, fils de M\u00e9lanie Lambert<br>Emma Jolie Martineau, fille de M\u00e9lanie Lambert et de Jonathan Martineau<br>Source: feuillet paroissial, ao\u00fbt 2022<\/p>\n\n\n\n<p class=\"has-text-align-center has-black-color has-text-color has-medium-font-size\">Que Dieu b\u00e9nisse ces enfants et leur famille et<br>bienvenue dans la grande famille de l\u2019\u00c9glise de J\u00e9sus-Christ !<\/p>\n\n\n<div class=\"wp-block-image\">\n<figure class=\"aligncenter size-large\"><img loading=\"lazy\" decoding=\"async\" width=\"162\" height=\"198\" src=\"https:\/\/paroissesainte-famille.org\/wp-content\/uploads\/2022\/08\/bapteme-Jesus.jpg\" alt=\"\" class=\"wp-image-7684\"\/><\/figure>\n<\/div>\n\n\n<h2 class=\"has-blue-color has-text-color wp-block-heading\">30 avril 2022 &#8211; Regroupement des jeunes dioc\u00e9sains de Joliette<\/h2>\n\n\n\n<div class=\"wp-block-media-text alignwide is-stacked-on-mobile\" style=\"grid-template-columns:47% auto\"><figure class=\"wp-block-media-text__media\"><a href=\"https:\/\/lerepairedesneophytes.org\/\" target=\"_blank\" rel=\"noopener\"><img decoding=\"async\" src=\"https:\/\/paroissesainte-famille.org\/wp-content\/uploads\/2022\/04\/Repaire-des-neophytes.jpg\" alt=\"\" class=\"wp-image-6711 size-full\"\/><\/a><\/figure><div class=\"wp-block-media-text__content\">\n<p class=\"has-black-color has-text-color has-normal-font-size\">Le responsable de la pastorale jeunesse du dioc\u00e8se de Joliette, Mathieu Binette, annonce un nouveau site internet pour les jeunes:  LE REPAIRE DES N\u00c9OPHYTES.<\/p>\n\n\n\n<p class=\"has-black-color has-text-color\"><strong><span style=\"color:#0d670d\" class=\"has-inline-color\">D\u00e9couvrez la Repaire<\/span><\/strong> : <a rel=\"noreferrer noopener\" href=\"https:\/\/lerepairedesneophytes.org\/a-propos\/https:\/\/lerepairedesneophytes.org\/\" data-type=\"URL\" data-id=\"https:\/\/lerepairedesneophytes.org\/a-propos\/https:\/\/lerepairedesneophytes.org\/\" target=\"_blank\">cliquez<\/a>.<br><a rel=\"noreferrer noopener\" href=\"https:\/\/lerepairedesneophytes.org\/inscription\/\" data-type=\"URL\" data-id=\"https:\/\/lerepairedesneophytes.org\/inscription\/\" target=\"_blank\">Inscrivez-vous <\/a><strong>\u00e0 l&rsquo;info-lettre.<\/strong><\/p>\n<\/div><\/div>\n\n\n<div class=\"wp-block-image\">\n<figure class=\"aligncenter size-large\"><img loading=\"lazy\" decoding=\"async\" width=\"75\" height=\"75\" src=\"https:\/\/paroissesainte-famille.org\/wp-content\/uploads\/2021\/08\/Croix-colombe.jpg\" alt=\"\" class=\"wp-image-3852\"\/><\/figure>\n<\/div>\n\n\n<h2 class=\"has-blue-color has-text-color wp-block-heading\">5 avril 2022 &#8211; Cueillettes pour le <em>projet-partage<\/em><\/h2>\n\n\n\n<div class=\"wp-block-columns is-layout-flex wp-container-core-columns-is-layout-9d6595d7 wp-block-columns-is-layout-flex\">\n<div class=\"wp-block-column is-layout-flow wp-block-column-is-layout-flow\" style=\"flex-basis:66.66%\">\n<p class=\"has-text-align-right\" style=\"font-size:18px\">Sacr\u00e9-Coeur de J\u00e9sus (Crabtree) &#8211; <a href=\"https:\/\/paroissesainte-famille.org\/merci-crabtree\/\" target=\"_blank\" rel=\"noreferrer noopener\">Merci !<\/a><br>Saint-Paul &#8211; <a href=\"https:\/\/paroissesainte-famille.org\/wp-content\/uploads\/2022\/04\/Merci-Saint-Paul.pdf\" target=\"_blank\" rel=\"noreferrer noopener\">Merci !<\/a><br>Saint-Thomas &#8211; <a href=\"https:\/\/paroissesainte-famille.org\/merci-saint-thomas\/\" data-type=\"URL\" data-id=\"https:\/\/paroissesainte-famille.org\/merci-saint-thomas\/\" target=\"_blank\" rel=\"noreferrer noopener\">Merci !<\/a><\/p>\n<\/div>\n\n\n\n<div class=\"wp-block-column is-layout-flow wp-block-column-is-layout-flow\" style=\"flex-basis:33.33%\">\n<p style=\"font-size:18px\">413,65 $<br>448,30 $<br>268,00 $<\/p>\n<\/div>\n<\/div>\n\n\n\n<h2 class=\"has-blue-color has-text-color wp-block-heading\">10 mars 2022 &#8211; <em>Projet-Partage<\/em> de nos jeunes confirmands<\/h2>\n\n\n\n<p>\u00c0 la suite de la pand\u00e9mie que nous venons de vivre, les organismes communautaires<br>de notre paroisse Sainte-Famille ont de grands besoins financiers \u00e0 combler.<br>C\u2019est pourquoi les jeunes qui se pr\u00e9parent \u00e0 la Confirmation r\u00e9aliseront<br>un projet-partage pour leur venir en aide. Cette d\u00e9marche fait partie de leur apprentissage \u00e0 la Vie chr\u00e9tienne et vise \u00e0 d\u00e9velopper chez eux les valeurs d\u2019engagement et de solidarit\u00e9.<br>Par cons\u00e9quent, des jeunes confirmands seront pr\u00e9sents \u00e0 chacune des c\u00e9l\u00e9brations dominicales de la fin de semaine du 2 et 3 avril 2022 pour vous inviter \u00e0 les soutenir dans leur projet par un don en argent \u00e0 la sortie de l&rsquo;\u00e9glise o\u00f9 ils seront post\u00e9s avec des paniers.<\/p>\n\n\n\n<p><strong><span style=\"color:#a3001b\" class=\"has-inline-color\">Soyons solidaires !<br>Merci de votre g\u00e9n\u00e9rosit\u00e9.<\/span><\/strong><br>Manon Chevrette et Richard Vaillancourt<\/p>\n\n\n<div class=\"wp-block-image\">\n<figure class=\"aligncenter size-large\"><img loading=\"lazy\" decoding=\"async\" width=\"75\" height=\"75\" src=\"https:\/\/paroissesainte-famille.org\/wp-content\/uploads\/2021\/08\/Croix-colombe.jpg\" alt=\"\" class=\"wp-image-3852\"\/><\/figure>\n<\/div>","protected":false},"excerpt":{"rendered":"<p>27 ao\u00fbt \u00e0 Saint-Paul &#8211; Pr\u00eatre, proph\u00e8te et roi par le bapt\u00eame Liam ParentRomy ParentAlicia FiliatreaultDylan BannonWilliam SkladzienSamie C\u00f4t\u00e9Zoa BeaulieuAgathe Chartier Dextras Jean-Philippe Parent \/ Martine ChayerJean-Philippe Parent \/ Martine Chayer Jeffrey Filiatreault\/ Catherine Boisclair Steve Bannon \/ Catherine Boisclair &hellip; <a href=\"https:\/\/paroissesainte-famille.org\/bienvenue\/familles\/\">Continuer la lecture <span class=\"meta-nav\">&rarr;<\/span><\/a><\/p>\n","protected":false},"author":3,"featured_media":0,"parent":0,"menu_order":0,"comment_status":"closed","ping_status":"closed","template":"","meta":{"footnotes":""},"class_list":["post-4660","page","type-page","status-publish","hentry"],"_links":{"self":[{"href":"https:\/\/paroissesainte-famille.org\/bienvenue\/wp-json\/wp\/v2\/pages\/4660","targetHints":{"allow":["GET"]}}],"collection":[{"href":"https:\/\/paroissesainte-famille.org\/bienvenue\/wp-json\/wp\/v2\/pages"}],"about":[{"href":"https:\/\/paroissesainte-famille.org\/bienvenue\/wp-json\/wp\/v2\/types\/page"}],"author":[{"embeddable":true,"href":"https:\/\/paroissesainte-famille.org\/bienvenue\/wp-json\/wp\/v2\/users\/3"}],"replies":[{"embeddable":true,"href":"https:\/\/paroissesainte-famille.org\/bienvenue\/wp-json\/wp\/v2\/comments?post=4660"}],"version-history":[{"count":24,"href":"https:\/\/paroissesainte-famille.org\/bienvenue\/wp-json\/wp\/v2\/pages\/4660\/revisions"}],"predecessor-version":[{"id":10703,"href":"https:\/\/paroissesainte-famille.org\/bienvenue\/wp-json\/wp\/v2\/pages\/4660\/revisions\/10703"}],"wp:attachment":[{"href":"https:\/\/paroissesainte-famille.org\/bienvenue\/wp-json\/wp\/v2\/media?parent=4660"}],"curies":[{"name":"wp","href":"https:\/\/api.w.org\/{rel}","templated":true}]}}