{"id":4254,"date":"2021-09-23T08:23:34","date_gmt":"2021-09-23T13:23:34","guid":{"rendered":"https:\/\/paroissesainte-famille.org\/?page_id=4254"},"modified":"2024-04-03T05:48:36","modified_gmt":"2024-04-03T10:48:36","slug":"entraide-saint-thomas","status":"publish","type":"page","link":"https:\/\/paroissesainte-famille.org\/bienvenue\/entraide\/entraide-saint-thomas\/","title":{"rendered":"Entraide Saint-Thomas"},"content":{"rendered":"\n<hr class=\"wp-block-separator has-css-opacity is-style-dots\"\/>\n\n\n\n<p><\/p>\n\n\n\n<h2 class=\"wp-block-heading has-text-align-center has-black-color has-text-color has-normal-font-size\">VOUS AVEZ BESOIN D&rsquo;AIDE <br>ALIMENTAIRE OU AUTRES?&nbsp;<\/h2>\n\n\n\n<div class=\"wp-block-media-text alignwide is-stacked-on-mobile\" style=\"grid-template-columns:40% auto\"><figure class=\"wp-block-media-text__media\"><img loading=\"lazy\" decoding=\"async\" width=\"615\" height=\"499\" src=\"https:\/\/paroissesainte-famille.org\/wp-content\/uploads\/2022\/06\/Salle-St-Joseph.jpg\" alt=\"\" class=\"wp-image-7204 size-full\" srcset=\"https:\/\/paroissesainte-famille.org\/wp-content\/uploads\/2022\/06\/Salle-St-Joseph.jpg 615w, https:\/\/paroissesainte-famille.org\/wp-content\/uploads\/2022\/06\/Salle-St-Joseph-300x243.jpg 300w\" sizes=\"auto, (max-width: 615px) 100vw, 615px\" \/><\/figure><div class=\"wp-block-media-text__content\">\n<p class=\"has-text-align-center has-black-color has-text-color has-normal-font-size\"><strong><span style=\"color:#000fa3\" class=\"has-inline-color\">ENTRAIDE SAINT-THOMAS EST L\u00c0 !<\/span><\/strong><\/p>\n\n\n\n<p class=\"has-text-align-center has-black-color has-text-color has-normal-font-size\">D\u00e9m\u00e9nag\u00e9 \u00e0 Salle Saint-Joseph, <br>pr\u00e8s de l&rsquo;\u00e9glise.<\/p>\n<\/div><\/div>\n\n\n\n<p class=\"has-black-color has-text-color\" style=\"font-size:17px\">Si vous \u00eates citoyens de Saint-Thomas et vivez une situation de faible revenu, de perte ou de r\u00e9duction de revenu, le service d&rsquo;aide alimentaire est disponible aupr\u00e8s d&rsquo;Entraide Saint-Thomas. \u00c7a peut arriver \u00e0 tout le monde, surtout en cette p\u00e9riode de pand\u00e9mie. <\/p>\n\n\n\n<p class=\"has-black-color has-text-color\" style=\"font-size:17px\">Communiquez avec nous sans g\u00eane et en toute confidentialit\u00e9.<br>Comit\u00e9 d&rsquo;Entraide Saint-Thomas<br>450-759-3405, poste 241<\/p>\n\n\n\n<p><a href=\"https:\/\/paroissesainte-famille.org\/\" data-type=\"URL\" data-id=\"https:\/\/paroissesainte-famille.org\/\">Page d&rsquo;accueil<\/a><\/p>\n","protected":false},"excerpt":{"rendered":"<p>VOUS AVEZ BESOIN D&rsquo;AIDE ALIMENTAIRE OU AUTRES?&nbsp; ENTRAIDE SAINT-THOMAS EST L\u00c0 ! D\u00e9m\u00e9nag\u00e9 \u00e0 Salle Saint-Joseph, pr\u00e8s de l&rsquo;\u00e9glise. Si vous \u00eates citoyens de Saint-Thomas et vivez une situation de faible revenu, de perte ou de r\u00e9duction de revenu, le &hellip; <a href=\"https:\/\/paroissesainte-famille.org\/bienvenue\/entraide\/entraide-saint-thomas\/\">Continuer la lecture <span class=\"meta-nav\">&rarr;<\/span><\/a><\/p>\n","protected":false},"author":3,"featured_media":0,"parent":3964,"menu_order":2,"comment_status":"closed","ping_status":"closed","template":"onecolumn-page.php","meta":{"footnotes":""},"class_list":["post-4254","page","type-page","status-publish","hentry"],"_links":{"self":[{"href":"https:\/\/paroissesainte-famille.org\/bienvenue\/wp-json\/wp\/v2\/pages\/4254","targetHints":{"allow":["GET"]}}],"collection":[{"href":"https:\/\/paroissesainte-famille.org\/bienvenue\/wp-json\/wp\/v2\/pages"}],"about":[{"href":"https:\/\/paroissesainte-famille.org\/bienvenue\/wp-json\/wp\/v2\/types\/page"}],"author":[{"embeddable":true,"href":"https:\/\/paroissesainte-famille.org\/bienvenue\/wp-json\/wp\/v2\/users\/3"}],"replies":[{"embeddable":true,"href":"https:\/\/paroissesainte-famille.org\/bienvenue\/wp-json\/wp\/v2\/comments?post=4254"}],"version-history":[{"count":26,"href":"https:\/\/paroissesainte-famille.org\/bienvenue\/wp-json\/wp\/v2\/pages\/4254\/revisions"}],"predecessor-version":[{"id":12591,"href":"https:\/\/paroissesainte-famille.org\/bienvenue\/wp-json\/wp\/v2\/pages\/4254\/revisions\/12591"}],"up":[{"embeddable":true,"href":"https:\/\/paroissesainte-famille.org\/bienvenue\/wp-json\/wp\/v2\/pages\/3964"}],"wp:attachment":[{"href":"https:\/\/paroissesainte-famille.org\/bienvenue\/wp-json\/wp\/v2\/media?parent=4254"}],"curies":[{"name":"wp","href":"https:\/\/api.w.org\/{rel}","templated":true}]}}