{"id":3964,"date":"2021-09-01T10:04:30","date_gmt":"2021-09-01T15:04:30","guid":{"rendered":"https:\/\/paroissesainte-famille.org\/?page_id=3964"},"modified":"2024-12-26T07:26:35","modified_gmt":"2024-12-26T12:26:35","slug":"entraide","status":"publish","type":"page","link":"https:\/\/paroissesainte-famille.org\/bienvenue\/entraide\/","title":{"rendered":"Entraide"},"content":{"rendered":"\n<p class=\"has-text-align-center\" style=\"font-size:28px\">Comptoir vestimentaire Saint-Paul<\/p>\n\n\n\n<p class=\"has-text-align-center\" style=\"font-size:18px\">70, chemin Delangis, Saint-Paul, (450) 803-6546<\/p>\n\n\n\n<div class=\"wp-block-group alignwide\"><div class=\"wp-block-group__inner-container is-layout-flow wp-block-group-is-layout-flow\">\n<div class=\"wp-block-media-text alignwide is-stacked-on-mobile\" style=\"grid-template-columns:48% auto\"><figure class=\"wp-block-media-text__media\"><img loading=\"lazy\" decoding=\"async\" width=\"400\" height=\"225\" src=\"https:\/\/paroissesainte-famille.org\/wp-content\/uploads\/2021\/08\/ComptoirMF.jpg\" alt=\"Comptoir vestimentaire Saint-Paul\" class=\"wp-image-3943 size-full\" srcset=\"https:\/\/paroissesainte-famille.org\/wp-content\/uploads\/2021\/08\/ComptoirMF.jpg 400w, https:\/\/paroissesainte-famille.org\/wp-content\/uploads\/2021\/08\/ComptoirMF-300x169.jpg 300w\" sizes=\"auto, (max-width: 400px) 100vw, 400px\" \/><\/figure><div class=\"wp-block-media-text__content\">\n<p class=\"has-text-align-center has-black-color has-text-color\" style=\"font-size:18px\"><span style=\"color:#af1c3c\" class=\"has-inline-color\"><strong>Heures d&rsquo;ouverture<\/strong><\/span><\/p>\n\n\n\n<p class=\"has-text-align-center has-black-color has-text-color\" style=\"font-size:18px\">lundi, de 13h \u00e0 16h <br>mercredi, de 18h30 \u00e0 20h<br>samedi, de 13h \u00e0 16h<br><\/p>\n<\/div><\/div>\n\n\n\n<hr class=\"wp-block-separator has-css-opacity is-style-default\"\/>\n\n\n\n<p class=\"has-text-align-center has-black-color has-text-color\" style=\"font-size:18px\"><strong><span style=\"color:#af1c3c\" class=\"has-inline-color\">Le Comptoir vestimentaire Saint-Paul,<\/span><\/strong> <\/p>\n\n\n\n<p class=\"has-text-align-center has-black-color has-text-color\" style=\"font-size:18px\">c&rsquo;est une quinzaine de b\u00e9n\u00e9voles, <br>ce sont vos dons de v\u00eatements usag\u00e9s propres ou m\u00eame neufs, <br>vendus \u00e0 notre comptoir ou redistribu\u00e9s \u00e0 d&rsquo;autres organismes d&rsquo;entraide, <br>c&rsquo;est l&rsquo;\u00e9quipe du partage alimentaire bi-mensuel entre vingt et trente familles, <br>c&rsquo;est la collecte de la guignol\u00e9e et la distribution de \u00abpaniers de No\u00ebl\u00bb.<\/p>\n\n\n\n<p class=\"has-text-color\" style=\"color:#08500d;font-size:18px\">Le Comptoir vestimentaire utilise les produits de la vente de v\u00eatements et menus objets pour : <br>&#8211; l&rsquo;aide alimentaire \u00e0 des familles dans le besoin,<br>&#8211; du d\u00e9pannage occasionnel,<br>&#8211; l&rsquo;aide aux enfants \u00e0 la rentr\u00e9e scolaire et durant l&rsquo;ann\u00e9e pour la \u00ab bo\u00eete \u00e0 lunch \u00bb,<br>&#8211; le soutien aux familles d&rsquo;enfants participant au camp de jour l&rsquo;\u00e9t\u00e9.<\/p>\n\n\n<div class=\"wp-block-image is-style-rounded\">\n<figure class=\"aligncenter size-large\"><img loading=\"lazy\" decoding=\"async\" width=\"100\" height=\"105\" src=\"https:\/\/paroissesainte-famille.org\/wp-content\/uploads\/2020\/11\/image-1.png\" alt=\"\" class=\"wp-image-722\"\/><\/figure>\n<\/div>\n\n\n<p class=\"has-text-align-center has-text-color has-medium-font-size\" style=\"color:#c02915\">Merci \u00e0 notre belle \u00e9quipe de b\u00e9n\u00e9voles !<br>Merci au membres du Conseil municipal et aux employ\u00e9s municipaux !<\/p>\n<\/div><\/div>\n\n\n\n<p><a href=\"https:\/\/paroissesainte-famille.org\/\" data-type=\"page\" data-id=\"694\">RETOUR \u00c0 LA PAGE D&rsquo;ACCUEIL<\/a><\/p>\n","protected":false},"excerpt":{"rendered":"<p>Comptoir vestimentaire Saint-Paul 70, chemin Delangis, Saint-Paul, (450) 803-6546 Heures d&rsquo;ouverture lundi, de 13h \u00e0 16h mercredi, de 18h30 \u00e0 20hsamedi, de 13h \u00e0 16h Le Comptoir vestimentaire Saint-Paul, c&rsquo;est une quinzaine de b\u00e9n\u00e9voles, ce sont vos dons de v\u00eatements &hellip; <a href=\"https:\/\/paroissesainte-famille.org\/bienvenue\/entraide\/\">Continuer la lecture <span class=\"meta-nav\">&rarr;<\/span><\/a><\/p>\n","protected":false},"author":3,"featured_media":0,"parent":0,"menu_order":0,"comment_status":"closed","ping_status":"closed","template":"","meta":{"footnotes":""},"class_list":["post-3964","page","type-page","status-publish","hentry"],"_links":{"self":[{"href":"https:\/\/paroissesainte-famille.org\/bienvenue\/wp-json\/wp\/v2\/pages\/3964","targetHints":{"allow":["GET"]}}],"collection":[{"href":"https:\/\/paroissesainte-famille.org\/bienvenue\/wp-json\/wp\/v2\/pages"}],"about":[{"href":"https:\/\/paroissesainte-famille.org\/bienvenue\/wp-json\/wp\/v2\/types\/page"}],"author":[{"embeddable":true,"href":"https:\/\/paroissesainte-famille.org\/bienvenue\/wp-json\/wp\/v2\/users\/3"}],"replies":[{"embeddable":true,"href":"https:\/\/paroissesainte-famille.org\/bienvenue\/wp-json\/wp\/v2\/comments?post=3964"}],"version-history":[{"count":24,"href":"https:\/\/paroissesainte-famille.org\/bienvenue\/wp-json\/wp\/v2\/pages\/3964\/revisions"}],"predecessor-version":[{"id":14039,"href":"https:\/\/paroissesainte-famille.org\/bienvenue\/wp-json\/wp\/v2\/pages\/3964\/revisions\/14039"}],"wp:attachment":[{"href":"https:\/\/paroissesainte-famille.org\/bienvenue\/wp-json\/wp\/v2\/media?parent=3964"}],"curies":[{"name":"wp","href":"https:\/\/api.w.org\/{rel}","templated":true}]}}