{"id":3641,"date":"2021-08-11T09:52:29","date_gmt":"2021-08-11T14:52:29","guid":{"rendered":"https:\/\/paroissesainte-famille.org\/?page_id=3641"},"modified":"2026-05-13T17:20:03","modified_gmt":"2026-05-13T22:20:03","slug":"evangile-du-dimanche","status":"publish","type":"page","link":"https:\/\/paroissesainte-famille.org\/bienvenue\/evangile-du-dimanche\/","title":{"rendered":"\u00c9vangile du dimanche"},"content":{"rendered":"\n<h3 class=\"wp-block-heading\">17 mai : Ascension du Seigneur<\/h3>\n\n\n\n<h4 class=\"wp-block-heading has-white-color has-blue-background-color has-text-color has-background has-link-color wp-elements-b2fdb39b4b39f159014f5993ca0d0255\">TOUJOURS  PR\u00c9SENT<\/h4>\n\n\n\n<h3 class=\"wp-block-heading has-blue-color has-text-color has-link-color wp-elements-2338bf9abca83e5ebf15c15e999b5ae8\" style=\"font-size:16px\"><strong>Th\u00e8me<\/strong><\/h3>\n\n\n\n<p class=\"has-black-color has-text-color has-link-color wp-elements-250b12b2461335a251454b07931f6a06\" style=\"font-size:18px\">Retourn\u00e9 aupr\u00e8s de son P\u00e8re, J\u00e9sus nous envoie faire des disciples de toutes les nations. Sa pr\u00e9sence nous est assur\u00e9e en&nbsp;\u00c9glise et dans le monde gr\u00e2ce \u00e0 l\u2019Esprit Saint.<\/p>\n\n\n\n<p class=\"has-text-align-right has-black-color has-text-color has-link-color has-small-font-size wp-elements-2257ad62ec9a2a1e26127062f94af2a8\">R\u00e9dacteur pour cette c\u00e9l\u00e9bration : Louis-Andr\u00e9 Naud<br>Revue Vie liturgique, no 479, pp.12-15<br>Voir annonce ci-dessous<\/p>\n\n\n\n<h3 class=\"wp-block-heading\">En guise d&rsquo;accueil<\/h3>\n\n\n\n<p class=\"has-black-color has-text-color has-link-color wp-elements-16b07354df1c50d2e19c08a02825f819\" style=\"font-size:18px\">En cette f\u00eate de&nbsp;l\u2019Ascension du Seigneur, qui marque le retour de J\u00e9sus aupr\u00e8s du P\u00e8re, rappelons-nous que nous sommes les signes de sa pr\u00e9sence dans notre monde. Que sa parole et son Esprit nous soutiennent.<\/p>\n\n\n\n<h3 class=\"wp-block-heading\">Introduction \u00e0 la liturgie de la Parole<\/h3>\n\n\n\n<p class=\"has-black-color has-text-color has-link-color wp-elements-40a55d984fa59a0567e267404e750489\" style=\"font-size:18px\">Apr\u00e8s \u00eatre apparu plusieurs fois \u00e0 ses disciples, J\u00e9sus ressuscit\u00e9 continue d\u2019\u00eatre pr\u00e9sent dans son \u00c9glise et dans le monde pour faire de nous des t\u00e9moins de son royaume.<\/p>\n\n\n\n<div class=\"wp-block-media-text is-stacked-on-mobile\" style=\"grid-template-columns:34% auto\"><figure class=\"wp-block-media-text__media\"><img loading=\"lazy\" decoding=\"async\" width=\"300\" height=\"387\" src=\"https:\/\/paroissesainte-famille.org\/wp-content\/uploads\/2021\/01\/Douze-apotres.jpg\" alt=\"\" class=\"wp-image-1526 size-full\" srcset=\"https:\/\/paroissesainte-famille.org\/wp-content\/uploads\/2021\/01\/Douze-apotres.jpg 300w, https:\/\/paroissesainte-famille.org\/wp-content\/uploads\/2021\/01\/Douze-apotres-233x300.jpg 233w\" sizes=\"auto, (max-width: 300px) 100vw, 300px\" \/><\/figure><div class=\"wp-block-media-text__content\">\n<p class=\"has-black-color has-text-color has-link-color wp-elements-bb68d7f0f19e6f95aaec93f5803825c7\"><a href=\"https:\/\/www.aelf.org\/2026-05-10\/romain\/messe\" data-type=\"link\" data-id=\"https:\/\/www.aelf.org\/2026-05-10\/romain\/messe\" target=\"_blank\" rel=\"noreferrer noopener\">Lectures<\/a><br>Actes 1, 1-11<br>Psaume 46 (47)<br>\u00c9ph\u00e9siens 1, 17-23<br>Matthieu 28, 16-20<\/p>\n<\/div><\/div>\n\n\n\n<h3 class=\"wp-block-heading\"><strong>Commentaire<\/strong>s<\/h3>\n\n\n\n<p class=\"has-black-color has-text-color has-link-color wp-elements-ed68b2ca86b0a8796059af163c0cef57\">Andr\u00e9 Myre a publi\u00e9 ses commentaires des \u00e9vangiles de l\u2019Ann\u00e9e A. Je vous invite\u00a0 lire \u00ab Sur la Montagne, il n\u2019y a pas d\u2019ailleurs \u00bb un commentaire de Matthieu 28, 16-20.<br>En voici un extrait\u00a0:<br><em>\u00abSelon la formule triadique, la ligne d\u2019autorit\u00e9 part donc du Parent, au ciel, lequel poss\u00e8de le souffle de droit; elle passe par J\u00e9sus qui en d\u00e9tient l\u2019exercice<a href=\"https:\/\/www.fondationperemenard.org\/sur-la-montagne-il-ny-a-pas-dailleurs\/#_ftn4\">[4]<\/a>; et elle se manifeste sur la plaque terrestre, chez les partisans \u00e0 qui J\u00e9sus communique le souffle qu\u2019il a re\u00e7u. Le seigneur \u00abau nom duquel\u00bb les partisans de J\u00e9sus s\u2019engagent \u00e0 vivre leur vie est le Parent dont le fils fait agir le souffle, et non plus le syst\u00e8me ou le c\u00e9sar. Proprement triadique, la formule n\u2019a rien de trinitaire, la Trinit\u00e9 \u00e9tant inconnue du Nouveau Testament.\u00bb<\/em><\/p>\n\n\n\n<div class=\"wp-block-buttons is-layout-flex wp-block-buttons-is-layout-flex\">\n<div class=\"wp-block-button has-custom-width wp-block-button__width-50\"><a class=\"wp-block-button__link has-white-color has-text-color has-background has-link-color has-text-align-left has-custom-font-size wp-element-button\" href=\"https:\/\/www.fondationperemenard.org\/sur-la-montagne-il-ny-a-pas-dailleurs\/\" style=\"border-top-left-radius:10px;border-top-right-radius:10px;border-bottom-left-radius:10px;border-bottom-right-radius:10px;background-color:#526eb6;font-size:18px\" target=\"_blank\" rel=\"noreferrer noopener\">Lire le commentaire d&rsquo;A. Myre<\/a><\/div>\n<\/div>\n\n\n\n<hr class=\"wp-block-separator has-alpha-channel-opacity\"\/>\n\n\n<div class=\"wp-block-image\">\n<figure class=\"aligncenter size-thumbnail is-resized\"><img loading=\"lazy\" decoding=\"async\" width=\"150\" height=\"150\" src=\"https:\/\/paroissesainte-famille.org\/wp-content\/uploads\/2022\/04\/Cierge-allume-150x150.jpg\" alt=\"\" class=\"wp-image-6514\" style=\"width:104px;height:auto\"\/><\/figure>\n<\/div>\n\n\n<div style=\"height:42px\" aria-hidden=\"true\" class=\"wp-block-spacer\"><\/div>\n\n\n\n<h2 class=\"wp-block-heading has-text-align-center has-text-color has-link-color wp-elements-fd20bd3952176e5fca4f31ee403d2a86\" style=\"color:#277e19\">Vie&nbsp;liturgique : une revue qui rassemble<\/h2>\n\n\n\n<div class=\"wp-block-columns is-layout-flex wp-container-core-columns-is-layout-9d6595d7 wp-block-columns-is-layout-flex\">\n<div class=\"wp-block-column is-layout-flow wp-block-column-is-layout-flow\">\n<h4 class=\"wp-block-heading\" style=\"font-size:17px\">\u00catre abonn\u00e9 \u00e0&nbsp;<em>Vie Liturgique<\/em>, c&rsquo;est b\u00e9n\u00e9ficier d&rsquo;une aide pr\u00e9cieuse pour r\u00e9aliser des c\u00e9l\u00e9brations vivantes et signifiantes. <a href=\"https:\/\/fr.novalis.ca\/products\/vie-liturgique\" data-type=\"link\" data-id=\"https:\/\/fr.novalis.ca\/products\/vie-liturgique\" target=\"_blank\" rel=\"noreferrer noopener\">Lire la suite<\/a><\/h4>\n\n\n\n<p class=\"has-black-color has-text-color has-background\" style=\"background-color:#bbe3b9;font-size:16px\">Pour une commande ou un abonnement dont la livraison doit se faire \u00e0 l\u2019ext\u00e9rieur du Canada, veuillez communiquer avec notre service \u00e0 la client\u00e8le au 1 800 668-2547 ou au 514 278-3025. Merci de votre compr\u00e9hension !<\/p>\n<\/div>\n<\/div>\n\n\n\n<h3 class=\"wp-block-heading\"><a href=\"https:\/\/paroissesainte-famille.org\/bienvenue\/\">Accueil<\/a><br><\/h3>\n\n\n\n<div style=\"height:38px\" aria-hidden=\"true\" class=\"wp-block-spacer\"><\/div>\n","protected":false},"excerpt":{"rendered":"<p>17 mai : Ascension du Seigneur TOUJOURS PR\u00c9SENT Th\u00e8me Retourn\u00e9 aupr\u00e8s de son P\u00e8re, J\u00e9sus nous envoie faire des disciples de toutes les nations. Sa pr\u00e9sence nous est assur\u00e9e en&nbsp;\u00c9glise et dans le monde gr\u00e2ce \u00e0 l\u2019Esprit Saint. R\u00e9dacteur pour &hellip; <a href=\"https:\/\/paroissesainte-famille.org\/bienvenue\/evangile-du-dimanche\/\">Continuer la lecture <span class=\"meta-nav\">&rarr;<\/span><\/a><\/p>\n","protected":false},"author":3,"featured_media":0,"parent":0,"menu_order":0,"comment_status":"open","ping_status":"closed","template":"onecolumn-page.php","meta":{"footnotes":""},"class_list":["post-3641","page","type-page","status-publish","hentry"],"_links":{"self":[{"href":"https:\/\/paroissesainte-famille.org\/bienvenue\/wp-json\/wp\/v2\/pages\/3641","targetHints":{"allow":["GET"]}}],"collection":[{"href":"https:\/\/paroissesainte-famille.org\/bienvenue\/wp-json\/wp\/v2\/pages"}],"about":[{"href":"https:\/\/paroissesainte-famille.org\/bienvenue\/wp-json\/wp\/v2\/types\/page"}],"author":[{"embeddable":true,"href":"https:\/\/paroissesainte-famille.org\/bienvenue\/wp-json\/wp\/v2\/users\/3"}],"replies":[{"embeddable":true,"href":"https:\/\/paroissesainte-famille.org\/bienvenue\/wp-json\/wp\/v2\/comments?post=3641"}],"version-history":[{"count":1272,"href":"https:\/\/paroissesainte-famille.org\/bienvenue\/wp-json\/wp\/v2\/pages\/3641\/revisions"}],"predecessor-version":[{"id":16818,"href":"https:\/\/paroissesainte-famille.org\/bienvenue\/wp-json\/wp\/v2\/pages\/3641\/revisions\/16818"}],"wp:attachment":[{"href":"https:\/\/paroissesainte-famille.org\/bienvenue\/wp-json\/wp\/v2\/media?parent=3641"}],"curies":[{"name":"wp","href":"https:\/\/api.w.org\/{rel}","templated":true}]}}